{"id":7,"date":"2013-01-05T16:40:12","date_gmt":"2013-01-05T16:40:12","guid":{"rendered":"http:\/\/amakoi.arkku.net\/asiakas\/?page_id=7"},"modified":"2014-01-02T18:47:45","modified_gmt":"2014-01-02T18:47:45","slug":"mita-aikido-on","status":"publish","type":"page","link":"http:\/\/sandokai.fi\/aikido\/mita-aikido-on\/","title":{"rendered":"Mit\u00e4 aikido on?"},"content":{"rendered":"<p>Aikido on vanhoista japanilaisista taistelutaidoista kehitetty itsepuolustusmenetelm\u00e4. Aikidotekniikat ovat pehmeit\u00e4 ja ne noudattavat kehon luonnollisia liikeratoja. Hy\u00f6kk\u00e4\u00e4j\u00e4n voimaa ei vastusteta voimalla, vaan h\u00e4nen liike-energiansa ohjataan ympyr\u00e4liikkeen avulla hy\u00f6kk\u00e4\u00e4j\u00e4\u00e4 itse\u00e4\u00e4n vastaan. Laji sis\u00e4lt\u00e4\u00e4 heitto-, nivellukko- ja sidontatekniikoita erilaisiin hy\u00f6kk\u00e4ysmuotoihin, my\u00f6s asehy\u00f6kk\u00e4yksiin. Aikidossa harjoitellaan p\u00e4\u00e4asiassa paritekniikoita, mutta aseilla harjoitellaan my\u00f6s yksin. Aikidon aseet ovat miekka (bokken), pitk\u00e4 puinen keppi (jo) ja puukko (tanto).<\/p>\n<h2>Aikidossa ei kilpailla<\/h2>\n<p>Aikido on niit\u00e4 harvoja budolajeja joissa ei kilpailla toisia vastaan, vaan aikidossa jokainen harjoittelija edistyy muiden harjoittelijoiden avustuksella. Lajin perustaja vastusti kilpailemista ja perusteli mielipiteens\u00e4 sill\u00e4, ett\u00e4 kilpailu synnytt\u00e4\u00e4 aina vihollissuhteen. Osittain juuri kilpailemattomuudesta johtuen jokainen voi harjoitella aikidoa omien henkil\u00f6kohtaisten edellytystens\u00e4 mukaisesti. Harjoittelun esteen\u00e4 voi olla vain oma mieli. Yhten\u00e4 esimerkkin\u00e4 seurassamme on harjoitellut n\u00e4k\u00f6vammainen nainen edeten aina 1. danin vy\u00f6arvoon saakka.<\/p>\n<p>Aikidon voi aloittaa suunnilleen samassa i\u00e4ss\u00e4 kuin koulunkin. Junioreiksi lasketaan 7-12-vuotiaat. Sit\u00e4 vanhemmat harjoittelevat aikuisissa ja yl\u00e4ik\u00e4rajaa ei ole. Suomessa harjoittelee t\u00e4ysipainoisesti jokunen yli 70-vuotiaskin. Aikidon harrastajista noin kolmasosa on naisia.<\/p>\n<h3>Lis\u00e4\u00e4 aikidosta<\/h3>\n<p>Lis\u00e4tietoja aikidosta l\u00f6yd\u00e4t <a href=\"http:\/\/www.aikidoliitto.fi\" target=\"_blank\">Suomen aikidoliiton<\/a> internet-sivuilta.<\/p>\n","protected":false},"excerpt":{"rendered":"<p>Aikido on vanhoista japanilaisista taistelutaidoista kehitetty itsepuolustusmenetelm\u00e4. Aikidotekniikat ovat pehmeit\u00e4 ja ne noudattavat kehon luonnollisia liikeratoja. Hy\u00f6kk\u00e4\u00e4j\u00e4n voimaa ei vastusteta voimalla, vaan h\u00e4nen liike-energiansa ohjataan ympyr\u00e4liikkeen avulla hy\u00f6kk\u00e4\u00e4j\u00e4\u00e4 itse\u00e4\u00e4n vastaan. Laji sis\u00e4lt\u00e4\u00e4 heitto-, nivellukko- ja sidontatekniikoita erilaisiin hy\u00f6kk\u00e4ysmuotoihin, my\u00f6s asehy\u00f6kk\u00e4yksiin. Aikidossa harjoitellaan p\u00e4\u00e4asiassa paritekniikoita, mutta aseilla harjoitellaan my\u00f6s yksin. Aikidon aseet ovat miekka (bokken), pitk\u00e4 [&hellip;]<\/p>\n","protected":false},"author":8,"featured_media":0,"parent":0,"menu_order":0,"comment_status":"open","ping_status":"open","template":"","meta":{"footnotes":""},"class_list":["post-7","page","type-page","status-publish","hentry"],"_links":{"self":[{"href":"http:\/\/sandokai.fi\/aikido\/wp-json\/wp\/v2\/pages\/7","targetHints":{"allow":["GET"]}}],"collection":[{"href":"http:\/\/sandokai.fi\/aikido\/wp-json\/wp\/v2\/pages"}],"about":[{"href":"http:\/\/sandokai.fi\/aikido\/wp-json\/wp\/v2\/types\/page"}],"author":[{"embeddable":true,"href":"http:\/\/sandokai.fi\/aikido\/wp-json\/wp\/v2\/users\/8"}],"replies":[{"embeddable":true,"href":"http:\/\/sandokai.fi\/aikido\/wp-json\/wp\/v2\/comments?post=7"}],"version-history":[{"count":6,"href":"http:\/\/sandokai.fi\/aikido\/wp-json\/wp\/v2\/pages\/7\/revisions"}],"predecessor-version":[{"id":1496,"href":"http:\/\/sandokai.fi\/aikido\/wp-json\/wp\/v2\/pages\/7\/revisions\/1496"}],"wp:attachment":[{"href":"http:\/\/sandokai.fi\/aikido\/wp-json\/wp\/v2\/media?parent=7"}],"curies":[{"name":"wp","href":"https:\/\/api.w.org\/{rel}","templated":true}]}}