{"id":66,"date":"2013-01-11T20:21:37","date_gmt":"2013-01-11T20:21:37","guid":{"rendered":"http:\/\/amakoi.arkku.net\/asiakas\/?page_id=66"},"modified":"2026-01-05T15:54:12","modified_gmt":"2026-01-05T13:54:12","slug":"yhteystiedot","status":"publish","type":"page","link":"http:\/\/sandokai.fi\/aikido\/yhteystiedot\/","title":{"rendered":"Yhteystiedot"},"content":{"rendered":"<p><strong>Yleiset asiat harjoittelusta, aikuiset<\/strong><\/p>\n<ul>\n<li>Sihteeri<br \/>\nPasi Rantala 4. dan<br \/>\n0400 \u2013 194 920<br \/>\nppmrantala(at)gmail.com<\/li>\n<\/ul>\n<p><strong>Junioriasiat + juniorien ja nuorten aikidolisenssit<br \/>\n<\/strong><\/p>\n<ul>\n<li>Juniorivastaava<br \/>\nKari Mantere 5. dan, Shidoin<br \/>\n050 \u2013 591 7105<br \/>\nkorppi76(at)gmail.com<\/li>\n<\/ul>\n<p><strong>S\u00e4hk\u00f6postia yleisist\u00e4 asioista<\/strong><\/p>\n<ul>\n<li>aikido(at)sandokai.fi<\/li>\n<\/ul>\n<p><strong>Aikidon tiedotus<\/strong><\/p>\n<ul>\n<li>Aikidon internet-sivut<br \/>\nwww.sandokai.fi\/aikido<\/li>\n<\/ul>\n<ul>\n<li>S\u00e4hk\u00f6postilista<br \/>\nAikidon aikuistreenaajien yhteinen s\u00e4hk\u00f6postilista on aikidokat(at)sandokai.fi. Liittyminen listalle ja poistuminen silt\u00e4 tapahtuu l\u00e4hett\u00e4m\u00e4ll\u00e4 viesti osoitteeseen aikidoadmin(at)sandokai.fi. Jos harjoittelet p\u00e4\u00e4asiassa toisessa seurassa, kirjoita viestiisi my\u00f6s seurasi nimi.<\/li>\n<\/ul>\n<ul>\n<li>Junnujen s\u00e4hk\u00f6postilista<br \/>\nJunnujen s\u00e4hk\u00f6postilistan osoite on aikidojunnut(at)sandokai.fi ja liittyminen sille tapahtuu samalla tavalla kuin aikuisten treenaajienkin listalle aikidoadminin kautta.<\/li>\n<\/ul>\n<ul>\n<li>Facebook<br \/>\nSandokai ry aikidolla on oma <a href=\"https:\/\/www.facebook.com\/sandokai.aikido\" target=\"_blank\" rel=\"noopener\">Facebook-sivunsa<\/a>, jolla julkaistaan mm. tiedotuksia ja kuvia tapahtumista.<\/li>\n<\/ul>\n<p><strong>Muita yhteystietoja<\/strong><\/p>\n<ul>\n<li>Harjoitussali eli dojo<br \/>\nDojo sijaitsee osoitteessa <a href=\"http:\/\/goo.gl\/maps\/omn8g\" target=\"_blank\" rel=\"noopener\">Eerontie 1, Kerava.<\/a><br \/>\nHarjoitussalin pihassa ei ole pys\u00e4k\u00f6intimahdollisuutta, mutta sellainen l\u00f6ytyy l\u00e4heiselt\u00e4 <a href=\"http:\/\/goo.gl\/maps\/zTkCk\" target=\"_blank\" rel=\"noopener\">Aleksintorilta<\/a> ja <a href=\"http:\/\/goo.gl\/maps\/zeY5t\" target=\"_blank\" rel=\"noopener\">Puuvalonaukiolta<\/a>.<br \/>\nKes\u00e4isin meill\u00e4 on my\u00f6s ulkoharjoituksia. Niiden paikka ja aika ilmoitetaan erikseen.<\/li>\n<\/ul>\n<ul>\n<li>Aikidon webmaster<br \/>\nPalautetta sivuista voi l\u00e4hett\u00e4\u00e4 osoitteeseen aikidoadmin(at)sandokai.fi<\/li>\n<\/ul>\n","protected":false},"excerpt":{"rendered":"<p>Yleiset asiat harjoittelusta, aikuiset Sihteeri Pasi Rantala 4. dan 0400 \u2013 194 920 ppmrantala(at)gmail.com Junioriasiat + juniorien ja nuorten aikidolisenssit Juniorivastaava Kari Mantere 5. dan, Shidoin 050 \u2013 591 7105 korppi76(at)gmail.com S\u00e4hk\u00f6postia yleisist\u00e4 asioista aikido(at)sandokai.fi Aikidon tiedotus Aikidon internet-sivut www.sandokai.fi\/aikido S\u00e4hk\u00f6postilista Aikidon aikuistreenaajien yhteinen s\u00e4hk\u00f6postilista on aikidokat(at)sandokai.fi. Liittyminen listalle ja poistuminen silt\u00e4 tapahtuu l\u00e4hett\u00e4m\u00e4ll\u00e4 viesti [&hellip;]<\/p>\n","protected":false},"author":8,"featured_media":0,"parent":0,"menu_order":0,"comment_status":"closed","ping_status":"closed","template":"","meta":{"footnotes":""},"class_list":["post-66","page","type-page","status-publish","hentry"],"_links":{"self":[{"href":"http:\/\/sandokai.fi\/aikido\/wp-json\/wp\/v2\/pages\/66","targetHints":{"allow":["GET"]}}],"collection":[{"href":"http:\/\/sandokai.fi\/aikido\/wp-json\/wp\/v2\/pages"}],"about":[{"href":"http:\/\/sandokai.fi\/aikido\/wp-json\/wp\/v2\/types\/page"}],"author":[{"embeddable":true,"href":"http:\/\/sandokai.fi\/aikido\/wp-json\/wp\/v2\/users\/8"}],"replies":[{"embeddable":true,"href":"http:\/\/sandokai.fi\/aikido\/wp-json\/wp\/v2\/comments?post=66"}],"version-history":[{"count":17,"href":"http:\/\/sandokai.fi\/aikido\/wp-json\/wp\/v2\/pages\/66\/revisions"}],"predecessor-version":[{"id":3701,"href":"http:\/\/sandokai.fi\/aikido\/wp-json\/wp\/v2\/pages\/66\/revisions\/3701"}],"wp:attachment":[{"href":"http:\/\/sandokai.fi\/aikido\/wp-json\/wp\/v2\/media?parent=66"}],"curies":[{"name":"wp","href":"https:\/\/api.w.org\/{rel}","templated":true}]}}