{"id":6,"date":"2013-01-05T16:39:34","date_gmt":"2013-01-05T16:39:34","guid":{"rendered":"http:\/\/amakoi.arkku.net\/asiakas\/?page_id=6"},"modified":"2023-10-09T09:39:43","modified_gmt":"2023-10-09T06:39:43","slug":"etusivu","status":"publish","type":"page","link":"http:\/\/sandokai.fi\/aikido\/","title":{"rendered":"Tervetuloa harrastamaan aikidoa Keravalle!"},"content":{"rendered":"<p style=\"text-align: left;\">Aikido on monipuolinen ja pehme\u00e4 kamppailulaji, joka kehitt\u00e4\u00e4 kehonhallintaa, ketteryytt\u00e4 ja itsepuolustustaitoja turvallisesti. Se soveltuu kaikenik\u00e4isille liikuntataustasta ja sukupuolesta riippumatta.<\/p>\n<p>Aikidossa ei kilpailla, joten jokainen voi harjoitella omien edellytystens\u00e4 mukaan ilman pelkoa vertailusta tai ep\u00e4onnistumisesta.<\/p>\n<p><a title=\"Aloittavat aikuiset\" href=\"http:\/\/sandokai.fi\/aikido\/aikuiset\/\">Uusia aikuisharjoittelijoita<\/a> otetaan mukaan ymp\u00e4ri vuoden.<\/p>\n<p>Junioreilla on kev\u00e4tkausi, joka alkaa tammikuussa ja syyskausi, joka alkaa elokuussa. <a title=\"Aloittavat juniorit\" href=\"http:\/\/sandokai.fi\/aikido\/uudet-harrastajat\/aloittavat-juniorit\/\">Uusia junioreita<\/a> otetaan mukaan kunkin kauden alussa.<\/p>\n<p>N\u00e4hd\u00e4\u00e4n tatamilla!<strong><br \/>\n<\/strong><\/p>\n<p><strong>Sandokai ry &#8211; Aikidoa Keravalla vuodesta 1979<\/strong><\/p>\n","protected":false},"excerpt":{"rendered":"<p>Aikido on monipuolinen ja pehme\u00e4 kamppailulaji, joka kehitt\u00e4\u00e4 kehonhallintaa, ketteryytt\u00e4 ja itsepuolustustaitoja turvallisesti. Se soveltuu kaikenik\u00e4isille liikuntataustasta ja sukupuolesta riippumatta. Aikidossa ei kilpailla, joten jokainen voi harjoitella omien edellytystens\u00e4 mukaan ilman pelkoa vertailusta tai ep\u00e4onnistumisesta. Uusia aikuisharjoittelijoita otetaan mukaan ymp\u00e4ri vuoden. Junioreilla on kev\u00e4tkausi, joka alkaa tammikuussa ja syyskausi, joka alkaa elokuussa. Uusia junioreita otetaan [&hellip;]<\/p>\n","protected":false},"author":8,"featured_media":0,"parent":0,"menu_order":0,"comment_status":"open","ping_status":"open","template":"","meta":{"footnotes":""},"class_list":["post-6","page","type-page","status-publish","hentry"],"_links":{"self":[{"href":"http:\/\/sandokai.fi\/aikido\/wp-json\/wp\/v2\/pages\/6","targetHints":{"allow":["GET"]}}],"collection":[{"href":"http:\/\/sandokai.fi\/aikido\/wp-json\/wp\/v2\/pages"}],"about":[{"href":"http:\/\/sandokai.fi\/aikido\/wp-json\/wp\/v2\/types\/page"}],"author":[{"embeddable":true,"href":"http:\/\/sandokai.fi\/aikido\/wp-json\/wp\/v2\/users\/8"}],"replies":[{"embeddable":true,"href":"http:\/\/sandokai.fi\/aikido\/wp-json\/wp\/v2\/comments?post=6"}],"version-history":[{"count":30,"href":"http:\/\/sandokai.fi\/aikido\/wp-json\/wp\/v2\/pages\/6\/revisions"}],"predecessor-version":[{"id":3537,"href":"http:\/\/sandokai.fi\/aikido\/wp-json\/wp\/v2\/pages\/6\/revisions\/3537"}],"wp:attachment":[{"href":"http:\/\/sandokai.fi\/aikido\/wp-json\/wp\/v2\/media?parent=6"}],"curies":[{"name":"wp","href":"https:\/\/api.w.org\/{rel}","templated":true}]}}