{"id":267,"date":"2013-01-28T14:37:24","date_gmt":"2013-01-28T14:37:24","guid":{"rendered":"http:\/\/amakoi.arkku.net\/asiakas\/?page_id=267"},"modified":"2025-12-31T17:01:24","modified_gmt":"2025-12-31T15:01:24","slug":"englishsvenska","status":"publish","type":"page","link":"http:\/\/sandokai.fi\/aikido\/englishsvenska\/","title":{"rendered":"English\/Svenska"},"content":{"rendered":"<h2>Welcome to Sandokai web pages!<\/h2>\n<p>Sandokai is a Finnish budo sports club, founded on 1979 in the city of Kerava. Sandokai has two branches: Aikido and Taido.<\/p>\n<p>The head instructor of the Aikido branch is Mr. Tuomo Laulainen, 5. dan Aikikai. The Aikido branch is a member of Finland Aikikai.<\/p>\n<p>Sandokai\u2019s Aikido classes are arranged on the Eerontie dojo in Kerava. There are classes for adults and juniors. Sandokai had a certificate of our high quality work with juniors (Nuori Suomi Sinettiseura) as a first Aikido club in Finland.<\/p>\n<p><strong>You are most welcome to visit our dojo!<\/strong><\/p>\n<h3>Aikido training schedule<\/h3>\n<p>Since 7th of January 2026<\/p>\n<p><strong>Monday<\/strong><br \/>\n18.00 \u2013 19.30 Adults<\/p>\n<p><strong>Wednesday<\/strong><br \/>\n19.00 \u2013 20.30 Adults<\/p>\n<p><strong>Thursday<\/strong><br \/>\n20.00 \u2013 21.00 Adults<\/p>\n<p><strong>Saturday<\/strong><br \/>\n11.30 \u2013 12.30 Juniors<br \/>\n12.30 \u2013 13.30 Juniors<br \/>\n13.30 &#8211; 14.30 Adults<\/p>\n<p><strong>Sunday<\/strong><br \/>\n16.00 \u2013 17.00 Aikido fitness training (mostly kettlebell) and aikido free training<\/p>\n<h3>Training fees<\/h3>\n<p>Visitors can train few times free of charge.<br \/>\nContact aikido (at) sandokai.fi<\/p>\n<h3>Contact<\/h3>\n<p>aikido (at) sandokai.fi<\/p>\n<hr \/>\n<h2>V\u00e4lkommen till f\u00f6reningen Sandokais webbsidor!<\/h2>\n<p>Sandokai \u00e4r en finsk budof\u00f6rening som grundades 1979 i Kerava. Inom f\u00f6reningen tr\u00e4nas f\u00f6r tillf\u00e4llet tv\u00e5 budogrenar: Aikido och Taido.<\/p>\n<p>F\u00f6reningens huvudinstrukt\u00f6r inom aikido \u00e4r Tuomo Laulainen, 5. dan Aikikai. Aikidoavdelningen \u00e4r medlem i Finlands nationella aikidof\u00f6rbund Finland Aikikai.<\/p>\n<p>Sandokais aikidotr\u00e4ningar h\u00e5lls p\u00e5 v\u00e5r dojo (tr\u00e4ningssal), som ligger p\u00e5 adressen Eerontie 1 i Kerava. Sandokais aikidoavdelning hade som f\u00f6rsta aikidof\u00f6rening i Finland tilldelats ett kvalitetscertifikat f\u00f6r sin barn- och ungdomsverksamhet (Nuori Suomi Sinettiseura).<\/p>\n<p><strong>Du \u00e4r hj\u00e4rtligt v\u00e4lkommen att bes\u00f6ka v\u00e5r dojo och v\u00e5ra tr\u00e4ningar!<\/strong><\/p>\n<h3>Aikido tr\u00e4ningstider<\/h3>\n<p>Fr.o.m. 7.1.2026<\/p>\n<p><strong>M\u00e5ndag<\/strong><br \/>\n18.00 \u2013 19.30 Vuxna<\/p>\n<p><strong>Onsdag<\/strong><br \/>\n19.00 \u2013 20.30 Vuxna<\/p>\n<p><strong>Torsdag<\/strong><br \/>\n20.00 \u2013 21.00 Vuxna<\/p>\n<p><strong>L\u00f6rdag<\/strong><br \/>\n11.30 \u2013 12.30 Barn<br \/>\n12.30 \u2013 13.30 Barn<br \/>\n13.30 \u2013 14.30 Vuxna<\/p>\n<p><strong>S\u00f6ndag<\/strong><br \/>\n16.00 \u2013 17.00 &#8221;Fitness aikido&#8221; (huvudsakligen kettlebell) &amp; \u201dfri tr\u00e4ning\u201d<\/p>\n<h3>Tr\u00e4ningsavgifter<\/h3>\n<p>Tillf\u00e4lliga bes\u00f6kare tr\u00e4nar avgiftsfritt n\u00e5gra g\u00e5nger.<br \/>\nKontakt aikido (at) sandokai.fi<\/p>\n<h3>Kontakt<\/h3>\n<p>aikido (at) sandokai.fi<\/p>\n","protected":false},"excerpt":{"rendered":"<p>Welcome to Sandokai web pages! Sandokai is a Finnish budo sports club, founded on 1979 in the city of Kerava. Sandokai has two branches: Aikido and Taido. The head instructor of the Aikido branch is Mr. Tuomo Laulainen, 5. dan Aikikai. The Aikido branch is a member of Finland Aikikai. Sandokai\u2019s Aikido classes are arranged [&hellip;]<\/p>\n","protected":false},"author":8,"featured_media":0,"parent":0,"menu_order":0,"comment_status":"closed","ping_status":"closed","template":"","meta":{"footnotes":""},"class_list":["post-267","page","type-page","status-publish","hentry"],"_links":{"self":[{"href":"http:\/\/sandokai.fi\/aikido\/wp-json\/wp\/v2\/pages\/267","targetHints":{"allow":["GET"]}}],"collection":[{"href":"http:\/\/sandokai.fi\/aikido\/wp-json\/wp\/v2\/pages"}],"about":[{"href":"http:\/\/sandokai.fi\/aikido\/wp-json\/wp\/v2\/types\/page"}],"author":[{"embeddable":true,"href":"http:\/\/sandokai.fi\/aikido\/wp-json\/wp\/v2\/users\/8"}],"replies":[{"embeddable":true,"href":"http:\/\/sandokai.fi\/aikido\/wp-json\/wp\/v2\/comments?post=267"}],"version-history":[{"count":14,"href":"http:\/\/sandokai.fi\/aikido\/wp-json\/wp\/v2\/pages\/267\/revisions"}],"predecessor-version":[{"id":3699,"href":"http:\/\/sandokai.fi\/aikido\/wp-json\/wp\/v2\/pages\/267\/revisions\/3699"}],"wp:attachment":[{"href":"http:\/\/sandokai.fi\/aikido\/wp-json\/wp\/v2\/media?parent=267"}],"curies":[{"name":"wp","href":"https:\/\/api.w.org\/{rel}","templated":true}]}}