{"id":2231,"date":"2015-03-01T15:44:06","date_gmt":"2015-03-01T15:44:06","guid":{"rendered":"http:\/\/sandokai.fi\/aikido\/?page_id=2231"},"modified":"2015-11-08T08:17:09","modified_gmt":"2015-11-08T08:17:09","slug":"juniorit","status":"publish","type":"page","link":"http:\/\/sandokai.fi\/aikido\/juniorit\/","title":{"rendered":"Juniorit"},"content":{"rendered":"<p>Aikidoa voi harrastaa jo pienest\u00e4 pit\u00e4en. Junioriharjoituksiin voi tulla mukaan heti, kun koulunk\u00e4ynti alkaa ja ryhm\u00e4ss\u00e4 olemisen taidot alkavat olla kunnossa. Junnuryhm\u00e4ss\u00e4 harjoitellaan noin 12\u2013vuotiaaksi, jonka j\u00e4lkeen siirryt\u00e4\u00e4n aikuisten (13 v. alkaen) harjoituksiin. Siirtyminen riippuu kuitenkin jokaisen junnun kehityksest\u00e4 ja valmiuksista.<\/p>\n<p>Junnutreeneiss\u00e4 opetellaan aikidotekniikoita, mutta siell\u00e4 saadaan hike\u00e4 pintaan my\u00f6s monipuolisilla leikeill\u00e4. Salik\u00e4yt\u00f6s pit\u00e4\u00e4 my\u00f6s jokaisen juniorin opetella ja hallita. Siihen sis\u00e4ltyy hyv\u00e4 k\u00e4yt\u00f6s, toisten huomioiminen ja er\u00e4iden aikidoon liittyvien Japanista per\u00e4isin olevien kohteliaisuuss\u00e4\u00e4nt\u00f6jen noudattaminen.<\/p>\n<p>Junnutreeneiss\u00e4 vallitsee hyv\u00e4 ja iloinen henki. Jokainen harjoittelija harjoittelee kaikkien treeneihin tulleiden kanssa. Treeniparia vaihdetaan joka kerta, kun opeteltava tekniikka vaihtuu. Tyt\u00f6t ja pojat treenaavat kaikki yhdess\u00e4.<\/p>\n<p>Tiukkoja nivellukkoja tai korkeita heittoja ei viel\u00e4 junnuvaiheessa opiskella. T\u00e4rkeint\u00e4 on kehitt\u00e4\u00e4 tasapainoa, kehon hallintaa ja turvallisia kaatumisia.<\/p>\n<p><strong>Junioreiden harjoitukset l\u00f6yd\u00e4t <a href=\"http:\/\/www.sandokai.fi\/aikido\/harjoitukset\">Harjoitukset<\/a>-sivulta.<\/strong><\/p>\n<h3>Sandokain junnut treenaavat Sinettiseurassa<\/h3>\n<p><img loading=\"lazy\" decoding=\"async\" class=\" size-full wp-image-2313 alignright\" src=\"http:\/\/sandokai.fi\/aikido\/wp-content\/uploads\/sinetti.png\" alt=\"sinetti\" width=\"100\" height=\"150\" \/>Sinettiseuratoiminta on Valon ja urheilun lajiliittojen yhteinen toimintamalli, joka rakentuu lapsen ja nuoren parhaan edist\u00e4miselle \u2010 lapsen kasvun ja kehityksen tukemiselle sek\u00e4 lapsuuden kunnioittamiselle.<\/p>\n<p>Lasten ja nuorten urheilussa t\u00e4rke\u00e4\u00e4 on innostus, monipuolisuus, kehittyminen, urheilulliset el\u00e4m\u00e4ntavat sek\u00e4 kaveruus ja osallistumismahdollisuudet.\u00a0 Sinettiseuratoimintaa ohjaavat kriteerit, jotka seuran tulee t\u00e4ytt\u00e4\u00e4, ollakseen Sinettiseura.\u00a0 Laatukriteerit perustuvat asiantuntijoiden selvityksiin lasten ja nuorten urheilun suomalaisista malleista huomioituna seuran toimintaymp\u00e4rist\u00f6 sek\u00e4 harrasteurheilun mahdollisuudet.\u00a0 Selvitysten asiantuntijoina on ollut suuri joukko henkil\u00f6it\u00e4 mm. lajiliitoista, Valosta, olympiakomiteasta ja KIHUsta.<\/p>\n<p>Sinetin saadakseen seura on auditoitu. Auditointi tapahtuu uuden seuran osalta kahden vuoden kuluttua ja sen j\u00e4lkeen kolmen vuoden v\u00e4lein.<\/p>\n<p>Sinettiseurat tekev\u00e4t arvokasta ty\u00f6t\u00e4 lasten ja nuorten urheilun parissa. Laadukkaan toiminnan mahdollistavat aikuiset \u2010 vanhemmat, ohjaajat, valmentajat, seurajohtajat ja muut toimijat \u2010 jotka ovat tietoisia kasvatusvastuustaan ja esimerkkiroolistaan.<\/p>\n<p>Sinettiseurat ovat lasten ja nuorten urheilun k\u00e4rkiseuroja. Ne ovat aktiivisia ja kehityshaluisia seuroja \u2010 lajiensa ja paikkakuntiensa parhaita! Sinetin saaminen on seuralle kunnia\u2010asia, mutta se tuo seuralle my\u00f6s vastuuta. Sinetti on lupaus laadusta.<\/p>\n<p>Sinetti my\u00f6nnettiin Sandokain aikidojaokselle vuonna 2006 ensimm\u00e4isen\u00e4 aikidoseurana Suomessa. Vuonna 2015 Sinetti auditoitiin onnistuneesti ja seuraava auditointi on vuonna 2018.<\/p>\n<p><strong>\u00a0<\/strong><\/p>\n","protected":false},"excerpt":{"rendered":"<p>Aikidoa voi harrastaa jo pienest\u00e4 pit\u00e4en. Junioriharjoituksiin voi tulla mukaan heti, kun koulunk\u00e4ynti alkaa ja ryhm\u00e4ss\u00e4 olemisen taidot alkavat olla kunnossa. Junnuryhm\u00e4ss\u00e4 harjoitellaan noin 12\u2013vuotiaaksi, jonka j\u00e4lkeen siirryt\u00e4\u00e4n aikuisten (13 v. alkaen) harjoituksiin. Siirtyminen riippuu kuitenkin jokaisen junnun kehityksest\u00e4 ja valmiuksista. Junnutreeneiss\u00e4 opetellaan aikidotekniikoita, mutta siell\u00e4 saadaan hike\u00e4 pintaan my\u00f6s monipuolisilla leikeill\u00e4. Salik\u00e4yt\u00f6s pit\u00e4\u00e4 my\u00f6s [&hellip;]<\/p>\n","protected":false},"author":8,"featured_media":0,"parent":0,"menu_order":0,"comment_status":"closed","ping_status":"closed","template":"","meta":{"footnotes":""},"class_list":["post-2231","page","type-page","status-publish","hentry"],"_links":{"self":[{"href":"http:\/\/sandokai.fi\/aikido\/wp-json\/wp\/v2\/pages\/2231","targetHints":{"allow":["GET"]}}],"collection":[{"href":"http:\/\/sandokai.fi\/aikido\/wp-json\/wp\/v2\/pages"}],"about":[{"href":"http:\/\/sandokai.fi\/aikido\/wp-json\/wp\/v2\/types\/page"}],"author":[{"embeddable":true,"href":"http:\/\/sandokai.fi\/aikido\/wp-json\/wp\/v2\/users\/8"}],"replies":[{"embeddable":true,"href":"http:\/\/sandokai.fi\/aikido\/wp-json\/wp\/v2\/comments?post=2231"}],"version-history":[{"count":6,"href":"http:\/\/sandokai.fi\/aikido\/wp-json\/wp\/v2\/pages\/2231\/revisions"}],"predecessor-version":[{"id":2433,"href":"http:\/\/sandokai.fi\/aikido\/wp-json\/wp\/v2\/pages\/2231\/revisions\/2433"}],"wp:attachment":[{"href":"http:\/\/sandokai.fi\/aikido\/wp-json\/wp\/v2\/media?parent=2231"}],"curies":[{"name":"wp","href":"https:\/\/api.w.org\/{rel}","templated":true}]}}