{"id":1450,"date":"2013-12-31T20:14:57","date_gmt":"2013-12-31T20:14:57","guid":{"rendered":"http:\/\/sandokai.fi\/aikido\/?page_id=1450"},"modified":"2024-07-30T12:27:04","modified_gmt":"2024-07-30T09:27:04","slug":"maksut","status":"publish","type":"page","link":"http:\/\/sandokai.fi\/aikido\/maksut\/","title":{"rendered":"Maksut"},"content":{"rendered":"<p>Sandokaissa 13 vuotta t\u00e4ytt\u00e4neet ovat aikuisharjoittelijoita ja alle 13-vuotiaat ovat junioreja. Aikuisharjoittelijat maksavat vuosittain j\u00e4senmaksun ja kausittain harjoittelumaksun. Junioreilla ei ole j\u00e4senmaksua, vaan he maksavat vain harjoittelumaksun. Kaikilla harjoittelijoilla on lis\u00e4ksi oltava itsen\u00e4isesti hankittava <a href=\"https:\/\/www.aikidoliitto.fi\/liitto\/lisenssi\/\" target=\"_blank\" rel=\"noopener noreferrer\">aikidolisenssi<\/a>.<\/p>\n<h2>Harjoituskustannukset eri ryhmill\u00e4<\/h2>\n<table style=\"border: 1px solid #9f9d9d;\" border=\"1\" align=\"center\">\n<tbody>\n<tr>\n<td style=\"text-align: center;\"><\/td>\n<td style=\"text-align: center;\"><strong>Juniorit (alle 13v)<\/strong><\/td>\n<td style=\"text-align: center;\"><strong>Aikuisharjoittelijat (13-17v)<\/strong><\/td>\n<td style=\"text-align: center;\"><strong>Aikuisharjoittelijat (18v ja yli)<\/strong><\/td>\n<\/tr>\n<tr>\n<td style=\"text-align: center;\">Harjoitusmaksu<\/td>\n<td style=\"text-align: center;\">Juniorien harjoitusmaksu<\/td>\n<td style=\"text-align: center;\">Alennettu aikuisten harjoitusmaksu<\/td>\n<td style=\"text-align: center;\">Aikuisten harjoitusmaksu<\/td>\n<\/tr>\n<tr>\n<td style=\"text-align: center;\">J\u00e4senmaksu<\/td>\n<td style=\"text-align: center;\">Ei ole<\/td>\n<td style=\"text-align: center;\">J\u00e4senmaksu<\/td>\n<td style=\"text-align: center;\">J\u00e4senmaksu<\/td>\n<\/tr>\n<tr>\n<td style=\"text-align: center;\">Aikidolisenssi<\/td>\n<td style=\"text-align: center;\">Juniorilisenssi (B-lisenssi) pakollinen<\/td>\n<td style=\"text-align: center;\">Juniorilisenssi (B-lisenssi) pakollinen<\/td>\n<td style=\"text-align: center;\">Aikuislisenssi (A-lisenssi tai aloittelijoille tutustumislisenssi) pakollinen<\/td>\n<\/tr>\n<\/tbody>\n<\/table>\n<h2><\/h2>\n<h2>Onko kysytt\u00e4v\u00e4\u00e4? Lis\u00e4tietoja maksuista:<\/h2>\n<p><strong>Aikuisten maksuasiat (18v. ja yli)<\/strong><br \/>\nAikidojaoksen sihteeri<br \/>\nPasi Rantala<br \/>\nppmrantala(a)gmail.com<\/p>\n<p><strong>Alle 18-vuotiaiden maksut, lisenssiasiat, perhealennukset<\/strong><br \/>\nJuniorivastaava<br \/>\nKari Mantere<br \/>\nkorppi76(a)gmail.com<\/p>\n","protected":false},"excerpt":{"rendered":"<p>Sandokaissa 13 vuotta t\u00e4ytt\u00e4neet ovat aikuisharjoittelijoita ja alle 13-vuotiaat ovat junioreja. Aikuisharjoittelijat maksavat vuosittain j\u00e4senmaksun ja kausittain harjoittelumaksun. Junioreilla ei ole j\u00e4senmaksua, vaan he maksavat vain harjoittelumaksun. Kaikilla harjoittelijoilla on lis\u00e4ksi oltava itsen\u00e4isesti hankittava aikidolisenssi. Harjoituskustannukset eri ryhmill\u00e4 Juniorit (alle 13v) Aikuisharjoittelijat (13-17v) Aikuisharjoittelijat (18v ja yli) Harjoitusmaksu Juniorien harjoitusmaksu Alennettu aikuisten harjoitusmaksu Aikuisten harjoitusmaksu [&hellip;]<\/p>\n","protected":false},"author":8,"featured_media":0,"parent":0,"menu_order":0,"comment_status":"closed","ping_status":"closed","template":"","meta":{"footnotes":""},"class_list":["post-1450","page","type-page","status-publish","hentry"],"_links":{"self":[{"href":"http:\/\/sandokai.fi\/aikido\/wp-json\/wp\/v2\/pages\/1450","targetHints":{"allow":["GET"]}}],"collection":[{"href":"http:\/\/sandokai.fi\/aikido\/wp-json\/wp\/v2\/pages"}],"about":[{"href":"http:\/\/sandokai.fi\/aikido\/wp-json\/wp\/v2\/types\/page"}],"author":[{"embeddable":true,"href":"http:\/\/sandokai.fi\/aikido\/wp-json\/wp\/v2\/users\/8"}],"replies":[{"embeddable":true,"href":"http:\/\/sandokai.fi\/aikido\/wp-json\/wp\/v2\/comments?post=1450"}],"version-history":[{"count":15,"href":"http:\/\/sandokai.fi\/aikido\/wp-json\/wp\/v2\/pages\/1450\/revisions"}],"predecessor-version":[{"id":3586,"href":"http:\/\/sandokai.fi\/aikido\/wp-json\/wp\/v2\/pages\/1450\/revisions\/3586"}],"wp:attachment":[{"href":"http:\/\/sandokai.fi\/aikido\/wp-json\/wp\/v2\/media?parent=1450"}],"curies":[{"name":"wp","href":"https:\/\/api.w.org\/{rel}","templated":true}]}}